{"id":535,"date":"2025-05-13T17:04:36","date_gmt":"2025-05-13T15:04:36","guid":{"rendered":"https:\/\/www.hotel-saint-malo-ibis-styles.com\/?page_id=535"},"modified":"2025-05-13T17:06:36","modified_gmt":"2025-05-13T15:06:36","slug":"mentions-legales","status":"publish","type":"page","link":"https:\/\/www.hotel-saint-malo-ibis-styles.com\/en\/mentions-legales\/","title":{"rendered":"Legal notices"},"content":{"rendered":"<p class=\"translation-block\"><strong>Legal Notice<\/strong><br \/>\n\nH\u00f4tel Ibis Styles Saint Malo Centre historique<br \/><\/p>\n\n\n\n<p class=\"translation-block\">4 Place du Poids du Roi\n35400 Saint-Malo\n02 99 40 90 24 \u2013 Email\nLe nom de la soci\u00e9t\u00e9 est HOTEL AS\nLe siret est 525 179 917 000 14\nLe n\u00b0 TVA intra FR 94 525 179 917 000 14<br \/><\/p>\n\n\n\n<p class=\"translation-block\"><strong>Publication Director<\/strong><br \/><\/p>\n\n\n\n<p class=\"translation-block\"><strong>Terms and Conditions of Use<\/strong><br \/>\nAny access to and\/or use of this website implies unreserved acceptance and compliance with these terms and conditions.<br \/><\/p>\n\n\n\n<p class=\"translation-block\">We make all reasonable efforts available to us to provide quality access and use of our site; however, we are under no obligation to achieve this.\nWe therefore disclaim all responsibility for any malfunction or event that may degrade access to our service.\nWe also reserve the right to interrupt or suspend access for any reason (including, but not limited to, maintenance) without any obligation or entitlement to compensation.<br \/><\/p>\n\n\n\n<p>All content on the site (texts, photos, drawings, layout, etc.) is subject to copyright law (Code of Intellectual Property); therefore, any reproduction is prohibited without prior request.<br \/><\/p>\n\n\n\n<p>External hyperlinks set up on this website to other internet resources shall not engage our responsibility.<br \/><\/p>\n\n\n\n<p>We disclaim all responsibility in cases of force majeure or events beyond our control.<br \/><\/p>\n\n\n\n<p class=\"translation-block\"><strong>Cookies<\/strong><br \/>\nA cookie is a small file stored on your computer.\nIt allows your preferences, such as the chosen language, to be saved.\nYou may oppose its storage via your browser preferences.<br \/><\/p>\n\n\n\n<p class=\"translation-block\"><strong>Website Creation<\/strong><br \/>\nSoci\u00e9t\u00e9 Perfecto Breizh\n1 rue du Docteur Jean Thiboumery 35400 Saint-Malo, France.\nhttps:\/\/www.perfectogroupe.fr\/perfecto-breizh\/\n<br \/>\n\n<strong>Hosting<\/strong><br \/>\nVEZIM SARL\n7, Residence des Saules, 35190 Becherel, France.<br \/><\/p>\n\n\n\n<p class=\"translation-block\"><strong>Google Analytics<\/strong><br \/>\n\nThis website uses Google Analytics, a web analytics service provided by Google, Inc. (\"Google\").<br \/><\/p>\n\n\n\n<p>Google Analytics uses \"cookies\", which are text files placed on your computer to help the website analyze how users interact with the site.\nThe information generated by the cookie about your use of the website (including your IP address) will be transmitted to and stored by Google on servers in the United States.<br \/><\/p>\n\n\n\n<p>Google will use this information for the purpose of evaluating your use of the website, compiling reports on website activity for website operators, and providing other services relating to website activity and internet usage.\nGoogle may also transfer this information to third parties where required to do so by law or where such third parties process the information on Google's behalf.<br \/><\/p>\n\n\n\n<p>Google undertakes not to associate your IP address with any other data held by Google.\nYou may refuse the use of cookies by selecting the appropriate settings on your browser; however, please note that if you do this, you may not be able to use the full functionality of this website.\nBy using this website, you consent to the processing of data about you by Google in the manner and for the purposes set out above.<br \/><\/p>\n\n\n\n<div style=\"height:100px\" aria-hidden=\"true\" class=\"wp-block-spacer\"><\/div>","protected":false},"excerpt":{"rendered":"<p>Mentions l\u00e9galesH\u00f4tel Ibis Styles Saint Malo Centre historique 4 Place du Poids du Roi35400 Saint-Malo02 99 40 90 24 &#8211; EmailLe nom de la soci\u00e9t\u00e9 est HOTEL ASLe siret est 525 179 917 000 14Le n\u00b0 TVA intra FR 94 525 179 917 000 14 Directeur de la PublicationDirecteur de la publicationcontact Conditions g\u00e9n\u00e9rales d&rsquo;utilisationsTout [&hellip;]<\/p>\n","protected":false},"author":1,"featured_media":218,"parent":0,"menu_order":0,"comment_status":"closed","ping_status":"closed","template":"","meta":{"_acf_changed":false,"footnotes":""},"class_list":["post-535","page","type-page","status-publish","has-post-thumbnail","hentry"],"acf":[],"yoast_head":"<!-- This site is optimized with the Yoast SEO plugin v27.3 - https:\/\/yoast.com\/product\/yoast-seo-wordpress\/ -->\n<title>Mentions l\u00e9gales - Ibis Styles centre historique<\/title>\n<meta name=\"robots\" content=\"index, follow, max-snippet:-1, max-image-preview:large, max-video-preview:-1\" \/>\n<link rel=\"canonical\" href=\"https:\/\/www.hotel-saint-malo-ibis-styles.com\/en\/mentions-legales\/\" \/>\n<meta property=\"og:locale\" content=\"en_GB\" \/>\n<meta property=\"og:type\" content=\"article\" \/>\n<meta property=\"og:title\" content=\"Mentions l\u00e9gales - Ibis Styles centre historique\" \/>\n<meta property=\"og:description\" content=\"Mentions l\u00e9galesH\u00f4tel Ibis Styles Saint Malo Centre historique 4 Place du Poids du Roi35400 Saint-Malo02 99 40 90 24 &#8211; EmailLe nom de la soci\u00e9t\u00e9 est HOTEL ASLe siret est 525 179 917 000 14Le n\u00b0 TVA intra FR 94 525 179 917 000 14 Directeur de la PublicationDirecteur de la publicationcontact Conditions g\u00e9n\u00e9rales d&rsquo;utilisationsTout [&hellip;]\" \/>\n<meta property=\"og:url\" content=\"https:\/\/www.hotel-saint-malo-ibis-styles.com\/en\/mentions-legales\/\" \/>\n<meta property=\"og:site_name\" content=\"Ibis Styles centre historique\" \/>\n<meta property=\"article:modified_time\" content=\"2025-05-13T15:06:36+00:00\" \/>\n<meta property=\"og:image\" content=\"https:\/\/www.hotel-saint-malo-ibis-styles.com\/wp-content\/uploads\/2025\/04\/635938d641be7b62ce8289be1445f88a7bff9d2d-scaled.jpg\" \/>\n\t<meta property=\"og:image:width\" content=\"2560\" \/>\n\t<meta property=\"og:image:height\" content=\"1707\" \/>\n\t<meta property=\"og:image:type\" content=\"image\/jpeg\" \/>\n<meta name=\"twitter:card\" content=\"summary_large_image\" \/>\n<meta name=\"twitter:label1\" content=\"Estimated reading time\" \/>\n\t<meta name=\"twitter:data1\" content=\"3 minutes\" \/>\n<script type=\"application\/ld+json\" class=\"yoast-schema-graph\">{\"@context\":\"https:\\\/\\\/schema.org\",\"@graph\":[{\"@type\":\"WebPage\",\"@id\":\"https:\\\/\\\/www.hotel-saint-malo-ibis-styles.com\\\/mentions-legales\\\/\",\"url\":\"https:\\\/\\\/www.hotel-saint-malo-ibis-styles.com\\\/mentions-legales\\\/\",\"name\":\"Mentions l\u00e9gales - Ibis Styles centre historique\",\"isPartOf\":{\"@id\":\"https:\\\/\\\/www.hotel-saint-malo-ibis-styles.com\\\/en\\\/#website\"},\"primaryImageOfPage\":{\"@id\":\"https:\\\/\\\/www.hotel-saint-malo-ibis-styles.com\\\/mentions-legales\\\/#primaryimage\"},\"image\":{\"@id\":\"https:\\\/\\\/www.hotel-saint-malo-ibis-styles.com\\\/mentions-legales\\\/#primaryimage\"},\"thumbnailUrl\":\"https:\\\/\\\/www.hotel-saint-malo-ibis-styles.com\\\/wp-content\\\/uploads\\\/2025\\\/04\\\/635938d641be7b62ce8289be1445f88a7bff9d2d-scaled.jpg\",\"datePublished\":\"2025-05-13T15:04:36+00:00\",\"dateModified\":\"2025-05-13T15:06:36+00:00\",\"breadcrumb\":{\"@id\":\"https:\\\/\\\/www.hotel-saint-malo-ibis-styles.com\\\/mentions-legales\\\/#breadcrumb\"},\"inLanguage\":\"en-GB\",\"potentialAction\":[{\"@type\":\"ReadAction\",\"target\":[\"https:\\\/\\\/www.hotel-saint-malo-ibis-styles.com\\\/mentions-legales\\\/\"]}]},{\"@type\":\"ImageObject\",\"inLanguage\":\"en-GB\",\"@id\":\"https:\\\/\\\/www.hotel-saint-malo-ibis-styles.com\\\/mentions-legales\\\/#primaryimage\",\"url\":\"https:\\\/\\\/www.hotel-saint-malo-ibis-styles.com\\\/wp-content\\\/uploads\\\/2025\\\/04\\\/635938d641be7b62ce8289be1445f88a7bff9d2d-scaled.jpg\",\"contentUrl\":\"https:\\\/\\\/www.hotel-saint-malo-ibis-styles.com\\\/wp-content\\\/uploads\\\/2025\\\/04\\\/635938d641be7b62ce8289be1445f88a7bff9d2d-scaled.jpg\",\"width\":2560,\"height\":1707},{\"@type\":\"BreadcrumbList\",\"@id\":\"https:\\\/\\\/www.hotel-saint-malo-ibis-styles.com\\\/mentions-legales\\\/#breadcrumb\",\"itemListElement\":[{\"@type\":\"ListItem\",\"position\":1,\"name\":\"Accueil\",\"item\":\"https:\\\/\\\/www.hotel-saint-malo-ibis-styles.com\\\/\"},{\"@type\":\"ListItem\",\"position\":2,\"name\":\"Mentions l\u00e9gales\"}]},{\"@type\":\"WebSite\",\"@id\":\"https:\\\/\\\/www.hotel-saint-malo-ibis-styles.com\\\/en\\\/#website\",\"url\":\"https:\\\/\\\/www.hotel-saint-malo-ibis-styles.com\\\/en\\\/\",\"name\":\"Ibis Styles centre historique\",\"description\":\"\",\"publisher\":{\"@id\":\"https:\\\/\\\/www.hotel-saint-malo-ibis-styles.com\\\/en\\\/#organization\"},\"potentialAction\":[{\"@type\":\"SearchAction\",\"target\":{\"@type\":\"EntryPoint\",\"urlTemplate\":\"https:\\\/\\\/www.hotel-saint-malo-ibis-styles.com\\\/en\\\/?s={search_term_string}\"},\"query-input\":{\"@type\":\"PropertyValueSpecification\",\"valueRequired\":true,\"valueName\":\"search_term_string\"}}],\"inLanguage\":\"en-GB\"},{\"@type\":\"Organization\",\"@id\":\"https:\\\/\\\/www.hotel-saint-malo-ibis-styles.com\\\/en\\\/#organization\",\"name\":\"H\u00f4tel Ibis Style Centre Historique - Saint-Malo\",\"url\":\"https:\\\/\\\/www.hotel-saint-malo-ibis-styles.com\\\/en\\\/\",\"logo\":{\"@type\":\"ImageObject\",\"inLanguage\":\"en-GB\",\"@id\":\"https:\\\/\\\/www.hotel-saint-malo-ibis-styles.com\\\/en\\\/#\\\/schema\\\/logo\\\/image\\\/\",\"url\":\"https:\\\/\\\/www.hotel-saint-malo-ibis-styles.com\\\/wp-content\\\/uploads\\\/2025\\\/10\\\/Logo-IBIS-St-Malo.png\",\"contentUrl\":\"https:\\\/\\\/www.hotel-saint-malo-ibis-styles.com\\\/wp-content\\\/uploads\\\/2025\\\/10\\\/Logo-IBIS-St-Malo.png\",\"width\":450,\"height\":355,\"caption\":\"H\u00f4tel Ibis Style Centre Historique - Saint-Malo\"},\"image\":{\"@id\":\"https:\\\/\\\/www.hotel-saint-malo-ibis-styles.com\\\/en\\\/#\\\/schema\\\/logo\\\/image\\\/\"}}]}<\/script>\n<!-- \/ Yoast SEO plugin. -->","yoast_head_json":{"title":"Mentions l\u00e9gales - Ibis Styles centre historique","robots":{"index":"index","follow":"follow","max-snippet":"max-snippet:-1","max-image-preview":"max-image-preview:large","max-video-preview":"max-video-preview:-1"},"canonical":"https:\/\/www.hotel-saint-malo-ibis-styles.com\/en\/mentions-legales\/","og_locale":"en_GB","og_type":"article","og_title":"Mentions l\u00e9gales - Ibis Styles centre historique","og_description":"Mentions l\u00e9galesH\u00f4tel Ibis Styles Saint Malo Centre historique 4 Place du Poids du Roi35400 Saint-Malo02 99 40 90 24 &#8211; EmailLe nom de la soci\u00e9t\u00e9 est HOTEL ASLe siret est 525 179 917 000 14Le n\u00b0 TVA intra FR 94 525 179 917 000 14 Directeur de la PublicationDirecteur de la publicationcontact Conditions g\u00e9n\u00e9rales d&rsquo;utilisationsTout [&hellip;]","og_url":"https:\/\/www.hotel-saint-malo-ibis-styles.com\/en\/mentions-legales\/","og_site_name":"Ibis Styles centre historique","article_modified_time":"2025-05-13T15:06:36+00:00","og_image":[{"width":2560,"height":1707,"url":"https:\/\/www.hotel-saint-malo-ibis-styles.com\/wp-content\/uploads\/2025\/04\/635938d641be7b62ce8289be1445f88a7bff9d2d-scaled.jpg","type":"image\/jpeg"}],"twitter_card":"summary_large_image","twitter_misc":{"Estimated reading time":"3 minutes"},"schema":{"@context":"https:\/\/schema.org","@graph":[{"@type":"WebPage","@id":"https:\/\/www.hotel-saint-malo-ibis-styles.com\/mentions-legales\/","url":"https:\/\/www.hotel-saint-malo-ibis-styles.com\/mentions-legales\/","name":"Mentions l\u00e9gales - Ibis Styles centre historique","isPartOf":{"@id":"https:\/\/www.hotel-saint-malo-ibis-styles.com\/en\/#website"},"primaryImageOfPage":{"@id":"https:\/\/www.hotel-saint-malo-ibis-styles.com\/mentions-legales\/#primaryimage"},"image":{"@id":"https:\/\/www.hotel-saint-malo-ibis-styles.com\/mentions-legales\/#primaryimage"},"thumbnailUrl":"https:\/\/www.hotel-saint-malo-ibis-styles.com\/wp-content\/uploads\/2025\/04\/635938d641be7b62ce8289be1445f88a7bff9d2d-scaled.jpg","datePublished":"2025-05-13T15:04:36+00:00","dateModified":"2025-05-13T15:06:36+00:00","breadcrumb":{"@id":"https:\/\/www.hotel-saint-malo-ibis-styles.com\/mentions-legales\/#breadcrumb"},"inLanguage":"en-GB","potentialAction":[{"@type":"ReadAction","target":["https:\/\/www.hotel-saint-malo-ibis-styles.com\/mentions-legales\/"]}]},{"@type":"ImageObject","inLanguage":"en-GB","@id":"https:\/\/www.hotel-saint-malo-ibis-styles.com\/mentions-legales\/#primaryimage","url":"https:\/\/www.hotel-saint-malo-ibis-styles.com\/wp-content\/uploads\/2025\/04\/635938d641be7b62ce8289be1445f88a7bff9d2d-scaled.jpg","contentUrl":"https:\/\/www.hotel-saint-malo-ibis-styles.com\/wp-content\/uploads\/2025\/04\/635938d641be7b62ce8289be1445f88a7bff9d2d-scaled.jpg","width":2560,"height":1707},{"@type":"BreadcrumbList","@id":"https:\/\/www.hotel-saint-malo-ibis-styles.com\/mentions-legales\/#breadcrumb","itemListElement":[{"@type":"ListItem","position":1,"name":"Accueil","item":"https:\/\/www.hotel-saint-malo-ibis-styles.com\/"},{"@type":"ListItem","position":2,"name":"Mentions l\u00e9gales"}]},{"@type":"WebSite","@id":"https:\/\/www.hotel-saint-malo-ibis-styles.com\/en\/#website","url":"https:\/\/www.hotel-saint-malo-ibis-styles.com\/en\/","name":"Ibis Styles centre historique","description":"","publisher":{"@id":"https:\/\/www.hotel-saint-malo-ibis-styles.com\/en\/#organization"},"potentialAction":[{"@type":"SearchAction","target":{"@type":"EntryPoint","urlTemplate":"https:\/\/www.hotel-saint-malo-ibis-styles.com\/en\/?s={search_term_string}"},"query-input":{"@type":"PropertyValueSpecification","valueRequired":true,"valueName":"search_term_string"}}],"inLanguage":"en-GB"},{"@type":"Organization","@id":"https:\/\/www.hotel-saint-malo-ibis-styles.com\/en\/#organization","name":"H\u00f4tel Ibis Style Centre Historique - Saint-Malo","url":"https:\/\/www.hotel-saint-malo-ibis-styles.com\/en\/","logo":{"@type":"ImageObject","inLanguage":"en-GB","@id":"https:\/\/www.hotel-saint-malo-ibis-styles.com\/en\/#\/schema\/logo\/image\/","url":"https:\/\/www.hotel-saint-malo-ibis-styles.com\/wp-content\/uploads\/2025\/10\/Logo-IBIS-St-Malo.png","contentUrl":"https:\/\/www.hotel-saint-malo-ibis-styles.com\/wp-content\/uploads\/2025\/10\/Logo-IBIS-St-Malo.png","width":450,"height":355,"caption":"H\u00f4tel Ibis Style Centre Historique - Saint-Malo"},"image":{"@id":"https:\/\/www.hotel-saint-malo-ibis-styles.com\/en\/#\/schema\/logo\/image\/"}}]}},"_links":{"self":[{"href":"https:\/\/www.hotel-saint-malo-ibis-styles.com\/en\/wp-json\/wp\/v2\/pages\/535","targetHints":{"allow":["GET"]}}],"collection":[{"href":"https:\/\/www.hotel-saint-malo-ibis-styles.com\/en\/wp-json\/wp\/v2\/pages"}],"about":[{"href":"https:\/\/www.hotel-saint-malo-ibis-styles.com\/en\/wp-json\/wp\/v2\/types\/page"}],"author":[{"embeddable":true,"href":"https:\/\/www.hotel-saint-malo-ibis-styles.com\/en\/wp-json\/wp\/v2\/users\/1"}],"replies":[{"embeddable":true,"href":"https:\/\/www.hotel-saint-malo-ibis-styles.com\/en\/wp-json\/wp\/v2\/comments?post=535"}],"version-history":[{"count":3,"href":"https:\/\/www.hotel-saint-malo-ibis-styles.com\/en\/wp-json\/wp\/v2\/pages\/535\/revisions"}],"predecessor-version":[{"id":538,"href":"https:\/\/www.hotel-saint-malo-ibis-styles.com\/en\/wp-json\/wp\/v2\/pages\/535\/revisions\/538"}],"wp:featuredmedia":[{"embeddable":true,"href":"https:\/\/www.hotel-saint-malo-ibis-styles.com\/en\/wp-json\/wp\/v2\/media\/218"}],"wp:attachment":[{"href":"https:\/\/www.hotel-saint-malo-ibis-styles.com\/en\/wp-json\/wp\/v2\/media?parent=535"}],"curies":[{"name":"wp","href":"https:\/\/api.w.org\/{rel}","templated":true}]}}